{"id":58,"date":"2015-09-18T11:44:58","date_gmt":"2015-09-18T10:44:58","guid":{"rendered":"http:\/\/cargo.omnicom-dev.com\/transport-company\/?page_id=58"},"modified":"2019-03-04T11:54:35","modified_gmt":"2019-03-04T10:54:35","slug":"messagerie","status":"publish","type":"page","link":"https:\/\/varillon.com\/?page_id=58","title":{"rendered":"Messagerie"},"content":{"rendered":"<div class=\"bt_rc_container\"><div class=\"wpb-content-wrapper\"><p>[vc_row][vc_column][vc_column_text]<section id=\"bt_section69fcba96722bc\" data-parallax=\"0.1\" data-parallax-offset=\"0\" class=\"boldSection topSpaced bottomSpaced btDarkSkin gutter btMiddleVertical btParallax wBackground cover\" style=\"background-image:url('https:\/\/varillon.com\/wp-content\/uploads\/2015\/09\/Delivery-Express.jpg');\"><div class=\"port\"><div class=\"boldCell\"><div class=\"boldCellInner\"><div class=\"boldRow \" ><div class=\"rowItem col-md-12 col-ms-12  btTextLeft animate animate-fadein animate-moveleft inherit\"  ><div class=\"rowItemContent\"><div class=\"btClear btSeparator bottomSmallSpaced noBorder\" ><hr><\/div><header class=\"header btClear extralarge btDash topDash  btAccentDash btRegularTitle\" style=\"max-width:800px;\"><p class=\"btSuperTitle\">Messagerie<\/p><div class=\"dash\"><h1><span class=\"headline\">Vers la France et l\u2019Europe<\/span><\/h1><\/div><\/header><\/div><\/div><\/div><\/div><\/div><\/div><\/section><section id=\"bt_section69fcba96734d3\"  class=\"boldSection topSpaced bottomSpaced gutter inherit\" ><div class=\"port\"><div class=\"boldCell\"><div class=\"boldCellInner\"><div class=\"boldRow \" ><div class=\"rowItem col-sm-6 col-ms-12 btTextLeft animate animate-fadein animate-moveright inherit\"  ><div class=\"rowItemContent\"><div class=\"bpgPhoto btTextCenter\" ><div class=\"btImage\"><img decoding=\"async\" src=\"https:\/\/varillon.com\/wp-content\/uploads\/2019\/03\/4_11_046.jpg\" alt=\"4_11_046.jpg\"><\/div><\/div><\/div><\/div><div class=\"rowItem col-sm-6 col-ms-12 btTextLeft animate animate-fadein animate-moveleft btMiddleVertical btDoublePadding\"  ><div class=\"rowItemContent\"><div class=\"btClear btSeparator bottomSemiSpaced noBorder\" ><hr><\/div><header class=\"header btClear small  btAlternateDash btAlternateTitle\" ><p class=\"btSuperTitle\">Messagerie de colis et palettes<\/p><div class=\"dash\"><h4><span class=\"headline\">Un r\u00e9seau national et international<\/span><\/h4><\/div><\/header><div class=\"btText\"><\/p>\n<p><strong>MESSAGERIE DE COLIS ET PALETTES\u00a0:<\/strong> r\u00e9seau national et international adapt\u00e9 aux livraisons de vos colis et palettes vers la France et l\u2019Europe.<\/p>\n<p><strong>Pour la distribution de vos exp\u00e9ditions vers la France et l\u2019Europe, <\/strong>VARILLON <em>LOGISTIQUE<\/em>\u00a0 s\u2019appuie sur son r\u00e9seau constitu\u00e9 de partenaires\u00a0 fid\u00e9lis\u00e9s suivant leurs sp\u00e9cificit\u00e9s r\u00e9gionales, et contractualis\u00e9s sur la base de processus qualit\u00e9 valid\u00e9s par des chartes r\u00e9seaux par chaque intervenant r\u00e9gional. Ainsi des m\u00e9thodologies identiques sont appliqu\u00e9es <strong>par<\/strong> l\u2019ensemble du r\u00e9seau, <strong>pour<\/strong> l\u2019ensemble du r\u00e9seau.<\/p>\n<p>\n<\/div><div class=\"btClear btSeparator bottomSemiSpaced noBorder\" ><hr><\/div><div class=\"btClear btSeparator bottomSemiSpaced noBorder\" ><hr><\/div><\/div><\/div><\/div><div class=\"boldRow \" ><div class=\"rowItem col-md-12 col-ms-12  btTextCenter animate animate-fadein animate-moveright inherit\"  ><div class=\"rowItemContent\"><div class=\"btClear btSeparator bottomSmallSpaced noBorder\" ><hr><\/div><div class=\"bpgPhoto btTextCenter\" ><div class=\"btImage\"><img decoding=\"async\" src=\"https:\/\/varillon.com\/wp-content\/uploads\/2015\/09\/truck-vignette-gray.png\" alt=\"truck-vignette-gray.png\"><\/div><\/div><div class=\"btClear btSeparator bottomSemiSpaced noBorder\" ><hr><\/div><\/div><\/div><\/div><div class=\"boldRow \" ><div class=\"rowItem col-sm-6 col-ms-12 btTextLeft animate animate-fadein animate-moveleft btMiddleVertical btDoublePadding\"  ><div class=\"rowItemContent\"><header class=\"header btClear small  btAlternateDash btAlternateTitle\" ><p class=\"btSuperTitle\">Des d\u00e9parts quotidiens<\/p><div class=\"dash\"><h4><span class=\"headline\">Des approches directes :<\/span><\/h4><\/div><\/header><div class=\"btText\"><\/p>\n<p>Chaque soir, des tractions directes partent de notre site <strong>d\u2019\u00c9vreux<\/strong> vers les Plates-formes \u00ab\u00a0\u00e9toiles\u00a0\u00bb r\u00e9gionales, o\u00f9 sont effectu\u00e9es toutes les nuits des op\u00e9rations de groupage et d\u00e9groupage de fret avec l\u2019ensemble de nos confr\u00e8res.<\/p>\n<p>Les 36000 communes de la France sont ainsi desservies dans des d\u00e9lais allant de 24 \u00e0 72 h suivant les localit\u00e9s.<\/p>\n<p>\n<\/div><div class=\"btClear btSeparator bottomSemiSpaced noBorder\" ><hr><\/div><div class=\"btClear btSeparator bottomSemiSpaced noBorder\" ><hr><\/div><\/div><\/div><div class=\"rowItem col-sm-6 col-ms-12 btTextLeft animate animate-fadein animate-moveright inherit\"  ><div class=\"rowItemContent\"><div class=\"bpgPhoto btTextCenter\" ><div class=\"btImage\"><img decoding=\"async\" src=\"https:\/\/varillon.com\/wp-content\/uploads\/2019\/03\/carte-tractions.jpg\" alt=\"carte-tractions.jpg\"><\/div><\/div><\/div><\/div><\/div><div class=\"boldRow \" ><div class=\"rowItem col-md-12 col-ms-12  btTextCenter animate animate-fadein animate-moveright inherit\"  ><div class=\"rowItemContent\"><div class=\"btClear btSeparator bottomSmallSpaced noBorder\" ><hr><\/div><div class=\"bpgPhoto btTextCenter\" ><div class=\"btImage\"><img decoding=\"async\" src=\"https:\/\/varillon.com\/wp-content\/uploads\/2015\/09\/truck-vignette-gray.png\" alt=\"truck-vignette-gray.png\"><\/div><\/div><div class=\"btClear btSeparator bottomSemiSpaced noBorder\" ><hr><\/div><\/div><\/div><\/div><\/div><\/div><\/div><\/section><section id=\"elements\" data-parallax=\"0.1\" data-parallax-offset=\"0\" class=\"boldSection topSpaced bottomSpaced btDarkSkin gutter inherit btParallax wBackground cover\" style=\"background-image:url('https:\/\/varillon.com\/wp-content\/uploads\/2015\/09\/Gray-background-with-trucks.jpg');\"><div class=\"port\"><div class=\"boldCell\"><div class=\"boldCellInner\"><div class=\"boldRow \" ><div class=\"rowItem col-md-12 col-ms-12  btTextCenter animate animate-fadein inherit\"  ><div class=\"rowItemContent\"><header class=\"header btClear medium  btAccentDash btAlternateTitle\" ><div class=\"dash\"><h3><span class=\"headline\">Nos chiffres quotidiens<\/span><\/h3><\/div><\/header><div class=\"btClear btSeparator bottomSemiSpaced noBorder\" ><hr><\/div><\/div><\/div><\/div><div class=\"boldRow \" ><div class=\"rowItem col-md-3 col-sm-6 col-ms-12 btTextCenter animate animate-fadein inherit\"  ><div class=\"rowItemContent\"><div class=\"btCounterHolder\"><span class=\"btCounter animate\" data-digit-length=\"4\"><span class=\"onedigit p4 d1\" data-digit=\"1\"><span class=\"n0\">0<\/span><span class=\"n1\">1<\/span><\/span><span class=\"onedigit p3 d2\" data-digit=\"2\"><span class=\"n0\">0<\/span><span class=\"n1\">1<\/span><span class=\"n2\">2<\/span><\/span><span class=\"onedigit p2 d0\" data-digit=\"0\"><span class=\"n0\">0<\/span><span class=\"n1\">1<\/span><span class=\"n2\">2<\/span><span class=\"n3\">3<\/span><span class=\"n4\">4<\/span><span class=\"n5\">5<\/span><span class=\"n6\">6<\/span><span class=\"n7\">7<\/span><span class=\"n8\">8<\/span><span class=\"n9\">9<\/span><span class=\"n0\">0<\/span><\/span><span class=\"onedigit p1 d0\" data-digit=\"0\"><span class=\"n0\">0<\/span><span class=\"n1\">1<\/span><span class=\"n2\">2<\/span><span class=\"n3\">3<\/span><span class=\"n4\">4<\/span><span class=\"n5\">5<\/span><span class=\"n6\">6<\/span><span class=\"n7\">7<\/span><span class=\"n8\">8<\/span><span class=\"n9\">9<\/span><span class=\"n0\">0<\/span><\/span><\/span><\/div><div class=\"btClear btSeparator bottomSmallSpaced noBorder\" ><hr><\/div><header class=\"header btClear large  btAccentDash btRegularTitle\" ><p class=\"btSuperTitle\">Livraisons quotidiennes<\/p><\/header><div class=\"btClear btSeparator bottomSemiSpaced noBorder\" ><hr><\/div><\/div><\/div><div class=\"rowItem col-md-3 col-sm-6 col-ms-12 btTextCenter animate animate-fadein inherit\"  ><div class=\"rowItemContent\"><div class=\"btCounterHolder\"><span class=\"btCounter animate\" data-digit-length=\"6\"><span class=\"onedigit p6 d+\" data-digit=\"+\"><span>+<\/span><\/span><span class=\"onedigit p5 d \" data-digit=\" \"><span> <\/span><\/span><span class=\"onedigit p4 d5\" data-digit=\"5\"><span class=\"n0\">0<\/span><span class=\"n1\">1<\/span><span class=\"n2\">2<\/span><span class=\"n3\">3<\/span><span class=\"n4\">4<\/span><span class=\"n5\">5<\/span><\/span><span class=\"onedigit p3 d0\" data-digit=\"0\"><span class=\"n0\">0<\/span><span class=\"n1\">1<\/span><span class=\"n2\">2<\/span><span class=\"n3\">3<\/span><span class=\"n4\">4<\/span><span class=\"n5\">5<\/span><span class=\"n6\">6<\/span><span class=\"n7\">7<\/span><span class=\"n8\">8<\/span><span class=\"n9\">9<\/span><span class=\"n0\">0<\/span><\/span><span class=\"onedigit p2 d0\" data-digit=\"0\"><span class=\"n0\">0<\/span><span class=\"n1\">1<\/span><span class=\"n2\">2<\/span><span class=\"n3\">3<\/span><span class=\"n4\">4<\/span><span class=\"n5\">5<\/span><span class=\"n6\">6<\/span><span class=\"n7\">7<\/span><span class=\"n8\">8<\/span><span class=\"n9\">9<\/span><span class=\"n0\">0<\/span><\/span><span class=\"onedigit p1 d0\" data-digit=\"0\"><span class=\"n0\">0<\/span><span class=\"n1\">1<\/span><span class=\"n2\">2<\/span><span class=\"n3\">3<\/span><span class=\"n4\">4<\/span><span class=\"n5\">5<\/span><span class=\"n6\">6<\/span><span class=\"n7\">7<\/span><span class=\"n8\">8<\/span><span class=\"n9\">9<\/span><span class=\"n0\">0<\/span><\/span><\/span><\/div><div class=\"btClear btSeparator bottomSmallSpaced noBorder\" ><hr><\/div><header class=\"header btClear large  btAccentDash btRegularTitle\" ><p class=\"btSuperTitle\">Colis \/ jour<\/p><\/header><div class=\"btClear btSeparator bottomSemiSpaced noBorder\" ><hr><\/div><\/div><\/div><div class=\"rowItem col-md-3 col-sm-6 col-ms-12 btTextCenter animate animate-fadein inherit\"  ><div class=\"rowItemContent\"><div class=\"btCounterHolder\"><span class=\"btCounter animate\" data-digit-length=\"2\"><span class=\"onedigit p2 d5\" data-digit=\"5\"><span class=\"n0\">0<\/span><span class=\"n1\">1<\/span><span class=\"n2\">2<\/span><span class=\"n3\">3<\/span><span class=\"n4\">4<\/span><span class=\"n5\">5<\/span><\/span><span class=\"onedigit p1 d3\" data-digit=\"3\"><span class=\"n0\">0<\/span><span class=\"n1\">1<\/span><span class=\"n2\">2<\/span><span class=\"n3\">3<\/span><\/span><\/span><\/div><div class=\"btClear btSeparator bottomSmallSpaced noBorder\" ><hr><\/div><header class=\"header btClear large  btAccentDash btRegularTitle\" ><p class=\"btSuperTitle\">Tourn\u00e9es quotidiennes<\/p><\/header><div class=\"btClear btSeparator bottomSemiSpaced noBorder\" ><hr><\/div><\/div><\/div><div class=\"rowItem col-md-3 col-sm-6 col-ms-12 btTextCenter animate animate-fadein inherit\"  ><div class=\"rowItemContent\"><div class=\"btCounterHolder\"><span class=\"btCounter animate\" data-digit-length=\"2\"><span class=\"onedigit p2 d9\" data-digit=\"9\"><span class=\"n0\">0<\/span><span class=\"n1\">1<\/span><span class=\"n2\">2<\/span><span class=\"n3\">3<\/span><span class=\"n4\">4<\/span><span class=\"n5\">5<\/span><span class=\"n6\">6<\/span><span class=\"n7\">7<\/span><span class=\"n8\">8<\/span><span class=\"n9\">9<\/span><\/span><span class=\"onedigit p1 d0\" data-digit=\"0\"><span class=\"n0\">0<\/span><span class=\"n1\">1<\/span><span class=\"n2\">2<\/span><span class=\"n3\">3<\/span><span class=\"n4\">4<\/span><span class=\"n5\">5<\/span><span class=\"n6\">6<\/span><span class=\"n7\">7<\/span><span class=\"n8\">8<\/span><span class=\"n9\">9<\/span><span class=\"n0\">0<\/span><\/span><\/span><\/div><div class=\"btClear btSeparator bottomSmallSpaced noBorder\" ><hr><\/div><header class=\"header btClear large  btAccentDash btRegularTitle\" ><p class=\"btSuperTitle\">Tonnes de Marchandises \/ jour<\/p><\/header><div class=\"btClear btSeparator bottomSemiSpaced noBorder\" ><hr><\/div><\/div><\/div><\/div><\/div><\/div><\/div><\/section><section id=\"bt_section69fcba967cc21\"  class=\"boldSection btDivider topSpaced bottomSemiSpaced gutter inherit\" ><div class=\"port\"><div class=\"boldCell\"><div class=\"boldCellInner\"><div class=\"boldRow \" ><div class=\"rowItem col-md-8 col-ms-12  btTextLeft animate animate-fadein animate-moveright inherit\"  ><div class=\"rowItemContent\"><div class=\"servicesItem  largeIcon borderlessIconType \"><div class=\"sIcon\"><div class=\"btIco large borderless\"><span  data-ico-cs=\"&#xe602;\" class=\"btIcoHolder\"><\/span><\/div><\/div><div class=\"sTxt\"><header class=\"header btClear extrasmall\" ><div class=\"dash\"><h4><span class=\"headline\">Le suivi de vos exp\u00e9ditions :<\/span><\/h4><\/div><\/header><p>L\u2019informatique est un alli\u00e9 incontournable pour vos envois. En saisissant vos exp\u00e9ditions sur notre station-chargeur, vous en ma\u00eetrisez un maximum la qualit\u00e9 (adresses, nombre de colis, poids). L\u2019\u00e9tiquette directionnelle coll\u00e9e sur vos colis et palettes sera le moyen de contr\u00f4ler chaque \u00e9tape de leur acheminement.<br \/><br>Ce n\u2019est pas parce que vous nous confiez vos marchandises que vous n\u2019avez plus aucun droit de regard sur elles. Chaque \u00e9tape de leur acheminement \u00e9tant mat\u00e9rialis\u00e9e par un flashage, il vous est tr\u00e8s facile de les localiser : vos codes d\u2019acc\u00e8s login et mot de passe sur notre site vous permettront de suivre le cours de leur acheminement. Vos destinataires ont \u00e9galement acc\u00e8s au suivi, gr\u00e2ce au lien URL que notre syst\u00e8me informatique transmet d\u00e8s notre prise en charge de vos exp\u00e9ditions. Chez VARILLON LOGISTIQUE , le service informatique est int\u00e9gr\u00e9. La communication avec vos propres services Si est ainsi fluidifi\u00e9e, et plus directe. Nous sommes \u00e9galement en mesure d\u2019apporter des solutions sur-mesure suivant les sp\u00e9cificit\u00e9s de nos clients.<br><\/p><\/div><\/div><div class=\"btClear btSeparator bottomSemiSpaced noBorder\" ><hr><\/div><div class=\"servicesItem  largeIcon borderlessIconType \"><div class=\"sIcon\"><div class=\"btIco large borderless\"><span  data-ico-cs=\"&#xe648;\" class=\"btIcoHolder\"><\/span><\/div><\/div><div class=\"sTxt\"><header class=\"header btClear extrasmall\" ><div class=\"dash\"><h4><span class=\"headline\">Le Service Plus<\/span><\/h4><\/div><\/header><p>Notre accompagnement dans la gestion quotidienne de vos exp\u00e9ditions.<br \/><br>V\u00e9rifier le bon d\u00e9roulement de vos exp\u00e9ditions, vous connecter sur le web tracking, contacter nos services pour obtenir des informations compl\u00e9mentaires\u2026. Toutes ces t\u00e2ches deviennent chronophages surtout quand on les applique au quotidien. Chez VARILLON LOGISTIQUE , nous avons bien compris que l\u2019information est aussi importante que les d\u00e9lais de livraisons. C\u2019est en regardant travailler nos clients, et en \u00e9coutant leurs besoins, qu\u2019un service est n\u00e9 : LE SERVICE PLUS.<br \/><br>Un seul interlocuteur pour vous \u00e9couter, anticiper, agir aupr\u00e8s des \u00e9quipes internes et externes, vous remonter les diff\u00e9rentes informations. V\u00e9ritable interface entre nos Services et vos \u00e9quipes, le Service Plus est votre alli\u00e9 au quotidien. Chez VARILLON LOGISTIQUE , on ne subit pas, on agit.<br \/>\n<br><\/p><\/div><\/div><div class=\"btClear btSeparator bottomSemiSpaced noBorder\" ><hr><\/div><\/div><\/div><div class=\"rowItem col-sm-4 col-ms-12 btTextCenter animate animate-fadein animate-moveleft inherit\"  ><div class=\"rowItemContent\"><div class=\"bpgPhoto btTextCenter\" ><div class=\"btImage\"><img decoding=\"async\" src=\"https:\/\/varillon.com\/wp-content\/uploads\/2015\/09\/shutterstock_308425934-320x214.jpg\" alt=\"shutterstock_308425934-320x214.jpg\"><\/div><\/div><div class=\"btClear btSeparator topSpaced bottomSpaced noBorder\" ><hr><\/div><div class=\"bpgPhoto btTextCenter\" ><div class=\"btImage\"><img decoding=\"async\" src=\"https:\/\/varillon.com\/wp-content\/uploads\/2015\/09\/shutterstock_308425934-320x214.jpg\" alt=\"shutterstock_308425934-320x214.jpg\"><\/div><\/div><\/div><\/div><\/div><div class=\"boldRow \" ><div class=\"rowItem col-md-12 col-ms-12  btTextCenter animate animate-fadein animate-moveright inherit\"  ><div class=\"rowItemContent\"><div class=\"btClear btSeparator bottomSmallSpaced noBorder\" ><hr><\/div><div class=\"bpgPhoto btTextCenter\" ><div class=\"btImage\"><img decoding=\"async\" src=\"https:\/\/varillon.com\/wp-content\/uploads\/2015\/09\/truck-vignette-gray.png\" alt=\"truck-vignette-gray.png\"><\/div><\/div><div class=\"btClear btSeparator bottomSemiSpaced noBorder\" ><hr><\/div><\/div><\/div><\/div><div class=\"boldRow \" ><div class=\"rowItem col-sm-4 col-ms-12 btTextCenter animate animate-fadein animate-moveright inherit btDoublePadding\"  ><div class=\"rowItemContent\"><div class=\"btIconImageRow\" ><div class=\"btIco borderless large\"><span  data-ico-cs=\"&#xe606;\" class=\"btIcoHolder\"><\/span><\/div><\/div><header class=\"header btClear large  btAlternateDash btAlternateTitle\" ><p class=\"btSuperTitle\">R\u00e9seau national et international<\/p><\/header><div class=\"btText\"><\/p>\n<div class=\"servicesItem mediumIcon \">\n<div class=\"sTxt\"><strong>Pour la distribution de vos exp\u00e9ditions vers la France et l\u2019Europe, <\/strong>VARILLON <em>LOGISTIQUE<\/em>\u00a0 s\u2019appuie sur son r\u00e9seau constitu\u00e9 de partenaires\u00a0 fid\u00e9lis\u00e9s suivant leurs sp\u00e9cificit\u00e9s r\u00e9gionales<\/div>\n<\/div>\n<p>\n<\/div><div class=\"btClear btSeparator bottomSemiSpaced noBorder\" ><hr><\/div><\/div><\/div><div class=\"rowItem col-sm-4 col-ms-12 btTextCenter animate animate-fadein inherit btDoublePadding\"  ><div class=\"rowItemContent\"><div class=\"btIconImageRow\" ><div class=\"btIco borderless large\"><span  data-ico-cs=\"&#xe602;\" class=\"btIcoHolder\"><\/span><\/div><\/div><header class=\"header btClear large  btAlternateDash btAlternateTitle\" ><p class=\"btSuperTitle\">Suivi 24\/24<\/p><\/header><div class=\"btText\"><\/p>\n<div class=\"servicesItem mediumIcon \">\n<div class=\"sTxt\">\n<p>Suivez la livraison de vos envois en temps r\u00e9el et visualisez la preuve de d\u00e9pot via le Webtracking.<\/p>\n<\/div>\n<\/div>\n<p>\n<\/div><div class=\"btClear btSeparator bottomSemiSpaced noBorder\" ><hr><\/div><\/div><\/div><div class=\"rowItem col-sm-4 col-ms-12 btTextCenter animate animate-fadein animate-moveleft inherit btDoublePadding\"  ><div class=\"rowItemContent\"><div class=\"btIconImageRow\" ><div class=\"btIco borderless large\"><span  data-ico-cs=\"&#xe60f;\" class=\"btIcoHolder\"><\/span><\/div><\/div><header class=\"header btClear large  btAlternateDash btAlternateTitle\" ><p class=\"btSuperTitle\">Support client d\u00e9di\u00e9<\/p><\/header><div class=\"btText\"><\/p>\n<div class=\"servicesItem mediumIcon \">\n<div class=\"sTxt\">\n<p>V\u00e9ritable interface entre nos Services et vos \u00e9quipes, le Service Plus est votre alli\u00e9 au quotidien.<\/p>\n<\/div>\n<\/div>\n<p>\n<\/div><div class=\"btClear btSeparator bottomSemiSpaced noBorder\" ><hr><\/div><\/div><\/div><\/div><\/div><\/div><\/div><\/section>[\/vc_column_text][\/vc_column][\/vc_row]<\/p>\n<\/div><\/div>","protected":false},"excerpt":{"rendered":"<p>[vc_row][vc_column][vc_column_text][\/vc_column_text][\/vc_column][\/vc_row]<\/p>\n","protected":false},"author":1,"featured_media":0,"parent":0,"menu_order":0,"comment_status":"closed","ping_status":"closed","template":"","meta":{"footnotes":""},"class_list":["post-58","page","type-page","status-publish","hentry"],"yoast_head":"<!-- This site is optimized with the Yoast SEO plugin v25.1 - https:\/\/yoast.com\/wordpress\/plugins\/seo\/ -->\n<title>Messagerie | Varillon<\/title>\n<meta name=\"robots\" content=\"index, follow, max-snippet:-1, max-image-preview:large, max-video-preview:-1\" \/>\n<link rel=\"canonical\" href=\"https:\/\/varillon.com\/?page_id=58\" \/>\n<meta property=\"og:locale\" content=\"fr_FR\" \/>\n<meta property=\"og:type\" content=\"article\" \/>\n<meta property=\"og:title\" content=\"Messagerie | Varillon\" \/>\n<meta property=\"og:description\" content=\"[vc_row][vc_column][vc_column_text][\/vc_column_text][\/vc_column][\/vc_row]\" \/>\n<meta property=\"og:url\" content=\"https:\/\/varillon.com\/?page_id=58\" \/>\n<meta property=\"og:site_name\" content=\"Varillon\" \/>\n<meta property=\"article:modified_time\" content=\"2019-03-04T10:54:35+00:00\" \/>\n<meta name=\"twitter:card\" content=\"summary_large_image\" \/>\n<meta name=\"twitter:label1\" content=\"Dur\u00e9e de lecture estim\u00e9e\" \/>\n\t<meta name=\"twitter:data1\" content=\"12 minutes\" \/>\n<script type=\"application\/ld+json\" class=\"yoast-schema-graph\">{\"@context\":\"https:\/\/schema.org\",\"@graph\":[{\"@type\":\"WebPage\",\"@id\":\"https:\/\/varillon.com\/?page_id=58\",\"url\":\"https:\/\/varillon.com\/?page_id=58\",\"name\":\"Messagerie | Varillon\",\"isPartOf\":{\"@id\":\"https:\/\/varillon.com\/#website\"},\"datePublished\":\"2015-09-18T10:44:58+00:00\",\"dateModified\":\"2019-03-04T10:54:35+00:00\",\"breadcrumb\":{\"@id\":\"https:\/\/varillon.com\/?page_id=58#breadcrumb\"},\"inLanguage\":\"fr-FR\",\"potentialAction\":[{\"@type\":\"ReadAction\",\"target\":[\"https:\/\/varillon.com\/?page_id=58\"]}]},{\"@type\":\"BreadcrumbList\",\"@id\":\"https:\/\/varillon.com\/?page_id=58#breadcrumb\",\"itemListElement\":[{\"@type\":\"ListItem\",\"position\":1,\"name\":\"Accueil\",\"item\":\"https:\/\/varillon.com\/\"},{\"@type\":\"ListItem\",\"position\":2,\"name\":\"Messagerie\"}]},{\"@type\":\"WebSite\",\"@id\":\"https:\/\/varillon.com\/#website\",\"url\":\"https:\/\/varillon.com\/\",\"name\":\"Varillon\",\"description\":\"UN PARTENAIRE TRANSPORT DIVERSIFIE\",\"potentialAction\":[{\"@type\":\"SearchAction\",\"target\":{\"@type\":\"EntryPoint\",\"urlTemplate\":\"https:\/\/varillon.com\/?s={search_term_string}\"},\"query-input\":{\"@type\":\"PropertyValueSpecification\",\"valueRequired\":true,\"valueName\":\"search_term_string\"}}],\"inLanguage\":\"fr-FR\"}]}<\/script>\n<!-- \/ Yoast SEO plugin. -->","yoast_head_json":{"title":"Messagerie | Varillon","robots":{"index":"index","follow":"follow","max-snippet":"max-snippet:-1","max-image-preview":"max-image-preview:large","max-video-preview":"max-video-preview:-1"},"canonical":"https:\/\/varillon.com\/?page_id=58","og_locale":"fr_FR","og_type":"article","og_title":"Messagerie | Varillon","og_description":"[vc_row][vc_column][vc_column_text][\/vc_column_text][\/vc_column][\/vc_row]","og_url":"https:\/\/varillon.com\/?page_id=58","og_site_name":"Varillon","article_modified_time":"2019-03-04T10:54:35+00:00","twitter_card":"summary_large_image","twitter_misc":{"Dur\u00e9e de lecture estim\u00e9e":"12 minutes"},"schema":{"@context":"https:\/\/schema.org","@graph":[{"@type":"WebPage","@id":"https:\/\/varillon.com\/?page_id=58","url":"https:\/\/varillon.com\/?page_id=58","name":"Messagerie | Varillon","isPartOf":{"@id":"https:\/\/varillon.com\/#website"},"datePublished":"2015-09-18T10:44:58+00:00","dateModified":"2019-03-04T10:54:35+00:00","breadcrumb":{"@id":"https:\/\/varillon.com\/?page_id=58#breadcrumb"},"inLanguage":"fr-FR","potentialAction":[{"@type":"ReadAction","target":["https:\/\/varillon.com\/?page_id=58"]}]},{"@type":"BreadcrumbList","@id":"https:\/\/varillon.com\/?page_id=58#breadcrumb","itemListElement":[{"@type":"ListItem","position":1,"name":"Accueil","item":"https:\/\/varillon.com\/"},{"@type":"ListItem","position":2,"name":"Messagerie"}]},{"@type":"WebSite","@id":"https:\/\/varillon.com\/#website","url":"https:\/\/varillon.com\/","name":"Varillon","description":"UN PARTENAIRE TRANSPORT DIVERSIFIE","potentialAction":[{"@type":"SearchAction","target":{"@type":"EntryPoint","urlTemplate":"https:\/\/varillon.com\/?s={search_term_string}"},"query-input":{"@type":"PropertyValueSpecification","valueRequired":true,"valueName":"search_term_string"}}],"inLanguage":"fr-FR"}]}},"_links":{"self":[{"href":"https:\/\/varillon.com\/index.php?rest_route=\/wp\/v2\/pages\/58","targetHints":{"allow":["GET"]}}],"collection":[{"href":"https:\/\/varillon.com\/index.php?rest_route=\/wp\/v2\/pages"}],"about":[{"href":"https:\/\/varillon.com\/index.php?rest_route=\/wp\/v2\/types\/page"}],"author":[{"embeddable":true,"href":"https:\/\/varillon.com\/index.php?rest_route=\/wp\/v2\/users\/1"}],"replies":[{"embeddable":true,"href":"https:\/\/varillon.com\/index.php?rest_route=%2Fwp%2Fv2%2Fcomments&post=58"}],"version-history":[{"count":37,"href":"https:\/\/varillon.com\/index.php?rest_route=\/wp\/v2\/pages\/58\/revisions"}],"predecessor-version":[{"id":1804,"href":"https:\/\/varillon.com\/index.php?rest_route=\/wp\/v2\/pages\/58\/revisions\/1804"}],"wp:attachment":[{"href":"https:\/\/varillon.com\/index.php?rest_route=%2Fwp%2Fv2%2Fmedia&parent=58"}],"curies":[{"name":"wp","href":"https:\/\/api.w.org\/{rel}","templated":true}]}}