{"id":1753,"date":"2019-03-02T22:35:21","date_gmt":"2019-03-02T21:35:21","guid":{"rendered":"http:\/\/varillon.com\/?page_id=1753"},"modified":"2019-03-02T23:31:56","modified_gmt":"2019-03-02T22:31:56","slug":"express","status":"publish","type":"page","link":"https:\/\/varillon.com\/?page_id=1753","title":{"rendered":"EXPRESS"},"content":{"rendered":"<div class=\"bt_rc_container\"><section id=\"bt_section69fcc62b68843\" data-parallax=\"0.1\" data-parallax-offset=\"0\" class=\"boldSection topSpaced bottomSpaced btDarkSkin gutter btMiddleVertical btParallax wBackground cover\" style=\"background-image:url('https:\/\/varillon.com\/wp-content\/uploads\/2015\/09\/Delivery-Express.jpg');\"><div class=\"port\"><div class=\"boldCell\"><div class=\"boldCellInner\"><div class=\"boldRow \" ><div class=\"rowItem col-md-12 col-ms-12  btTextLeft animate animate-fadein animate-moveleft inherit\"  ><div class=\"rowItemContent\"><div class=\"btClear btSeparator bottomSmallSpaced noBorder\" ><hr><\/div><header class=\"header btClear extralarge btDash topDash  btAccentDash btRegularTitle\" style=\"max-width:800px;\"><p class=\"btSuperTitle\">Express<\/p><div class=\"dash\"><h1><span class=\"headline\">LA FRANCE EN 24 HEURES<\/span><\/h1><\/div><\/header><\/div><\/div><\/div><\/div><\/div><\/div><\/section><section id=\"bt_section69fcc62b6c0d4\"  class=\"boldSection topSpaced bottomSpaced gutter inherit\" ><div class=\"port\"><div class=\"boldCell\"><div class=\"boldCellInner\"><div class=\"boldRow \" ><div class=\"rowItem col-sm-6 col-ms-12 btTextLeft animate animate-fadein animate-moveright inherit\"  ><div class=\"rowItemContent\"><div class=\"bpgPhoto btTextCenter\" ><div class=\"btImage\"><img decoding=\"async\" src=\"https:\/\/varillon.com\/wp-content\/uploads\/2019\/03\/international-n1641960280263154752-1.jpg\" alt=\"international-n1641960280263154752-1.jpg\"><\/div><\/div><div class=\"btClear btSeparator topSpaced bottomSpaced noBorder\" ><hr><\/div><div class=\"bpgPhoto btTextCenter\" ><div class=\"btImage\"><img decoding=\"async\" src=\"https:\/\/varillon.com\/wp-content\/uploads\/2019\/03\/logo-produit-2xjour-w138px_928F139_.jpg\" alt=\"logo-produit-2xjour-w138px_928F139_.jpg\"><\/div><\/div><div class=\"btClear btSeparator topSpaced bottomSpaced noBorder\" ><hr><\/div><div class=\"bpgPhoto btTextCenter\" ><div class=\"btImage\"><img decoding=\"async\" src=\"https:\/\/varillon.com\/wp-content\/uploads\/2019\/03\/logo_france-express.gif\" alt=\"logo_france-express.gif\"><\/div><\/div><div class=\"btClear btSeparator topSpaced bottomSpaced noBorder\" ><hr><\/div><div class=\"bpgPhoto btTextCenter\" ><div class=\"btImage\"><img decoding=\"async\" src=\"https:\/\/varillon.com\/wp-content\/uploads\/2019\/03\/logo-produit-samedi-aussi-w138px_8E62D516_.jpg\" alt=\"logo-produit-samedi-aussi-w138px_8E62D516_.jpg\"><\/div><\/div><\/div><\/div><div class=\"rowItem col-sm-6 col-ms-12 btTextLeft animate animate-fadein animate-moveleft btMiddleVertical btDoublePadding\"  ><div class=\"rowItemContent\"><div class=\"btClear btSeparator bottomSemiSpaced noBorder\" ><hr><\/div><header class=\"header btClear small  btAlternateDash btAlternateTitle\" ><p class=\"btSuperTitle\">Messagerie de colis et palettes<\/p><div class=\"dash\"><h4><span class=\"headline\">Un r\u00e9seau national et international<\/span><\/h4><\/div><\/header><div class=\"btText\"><p><strong>Certains m\u00e9tiers n\u00e9cessitent des livraisons urgentes, qui ne peuvent exc\u00e9der 24 h.<\/strong><\/p>\n<p><strong>Membre d\u2019un r\u00e9seau EXPRESS<\/strong> certifi\u00e9 ISO 9001 \u2013 V2008 au d\u00e9part du d\u00e9partement 27, VARILLON <em>LOGISTIQUE <\/em>vous accompagne \u00a0pour vos exp\u00e9ditions urgentes. France, Europe ou Monde. Nous r\u00e9pondons \u00e0 l\u2019ensemble de vos besoins express, dans des conditions optimales et avec un niveau de performance \u00e9lev\u00e9.<\/p>\n<p>Vos livraisons <strong>le lendemain avant 13h00<\/strong> dans les 36 000 communes de la France continentale, vos colis enlev\u00e9s le matin et<strong> livr\u00e9s l\u2019apr\u00e8s-midi m\u00eame<\/strong> dans votre d\u00e9partement et certains d\u00e9partements limitrophes, des livraisons y compris le <strong>samedi matin<\/strong>, des envois jusqu\u2019\u00e0 une tonne sans limitation du nombre de colis.<\/p>\n<p>Le r\u00e9seau EXPRESS utilis\u00e9 par VARILLON <em>LOGISTIQUE<\/em>\u00a0 est pr\u00e9sent dans tous les d\u00e9partements de la France continentale.<\/p>\n<p>Il compte sur\u00a0:<\/p>\n<p>110 centres d&rsquo;exploitation qui assurent l&rsquo;enl\u00e8vement et la livraison, deux fois par jour, dans chaque localit\u00e9 de France<\/p>\n<p>200 centres d&rsquo;exp\u00e9dition de proximit\u00e9.<br \/>\nCela permet la livraison, chaque ann\u00e9e, de 11 millions d&rsquo;envois pour la satisfaction de 80 000 clients.<\/p>\n<p>Les outils informatiques mis \u00e0 disposition vous permettent de piloter vos exp\u00e9ditions. Les \u00e9tiquettes directionnelles sp\u00e9cifiques EXPRESS, ainsi que les stickers estampill\u00e9s EXPRESS permettent de rep\u00e9rer les colis sur le quai et les positionner de suite dans la zone d\u00e9di\u00e9e.<\/p>\n<p>Utiliser les services de l\u2019Express, c\u2019est offrir \u00e0 ses clients un service sur-mesure bas\u00e9 sur la r\u00e9activit\u00e9. Sur le d\u00e9partement 27, VARILLON <strong><em>LOGISTIQUE<\/em><\/strong><strong>\u00a0<\/strong> assure des \u00a0livraisons le matin et l\u2019apr\u00e8s-midi. Pour le reste de la France, nous connectons un hub national lui-m\u00eame reli\u00e9 \u00e0 tous les d\u00e9partements\u00a0 fran\u00e7ais. Vos urgences ne se feront plus attendre\u00a0!<\/p>\n<\/div><div class=\"btClear btSeparator bottomSemiSpaced noBorder\" ><hr><\/div><div class=\"btClear btSeparator bottomSemiSpaced noBorder\" ><hr><\/div><\/div><\/div><\/div><div class=\"boldRow \" ><div class=\"rowItem col-md-12 col-ms-12  btTextCenter animate animate-fadein animate-moveright inherit\"  ><div class=\"rowItemContent\"><div class=\"btClear btSeparator bottomSmallSpaced noBorder\" ><hr><\/div><div class=\"bpgPhoto btTextCenter\" ><div class=\"btImage\"><img decoding=\"async\" src=\"https:\/\/varillon.com\/wp-content\/uploads\/2015\/09\/truck-vignette-gray.png\" alt=\"truck-vignette-gray.png\"><\/div><\/div><div class=\"btClear btSeparator bottomSemiSpaced noBorder\" ><hr><\/div><\/div><\/div><\/div><div class=\"boldRow \" ><div class=\"rowItem col-sm-6 col-ms-12 btTextLeft animate animate-fadein animate-moveleft btMiddleVertical btDoublePadding\"  ><div class=\"rowItemContent\"><header class=\"header btClear small  btAlternateDash btAlternateTitle\" ><p class=\"btSuperTitle\">100% EXPRESS<\/p><div class=\"dash\"><h4><span class=\"headline\">Une large gamme de services<\/span><\/h4><\/div><\/header><div class=\"btText\"><p>Une large gamme de services<\/p>\n<ul>\n<li>Livraisons 2 X jour sur toutes les communes de la France<\/li>\n<\/ul>\n<p>(colis enlev\u00e9s le matin et livr\u00e9s l\u2019apr\u00e8s-midi dans votre d\u00e9partement)<\/p>\n<ul>\n<li>livraison \u00e0 heure fixe<\/li>\n<li>Les livraisons \u00e0 domicile<\/li>\n<li>Livraisons le samedi matin<\/li>\n<li>Mono ou multi-colis<\/li>\n<li>Envois possibles jusqu\u2019\u00e0 1 T<\/li>\n<li>Gestion du contre-remboursement<\/li>\n<\/ul>\n<p>Pour une large gamme de produits :<\/p>\n<ul>\n<li>Les vins et spiritueux<\/li>\n<li>Les animaux vivants<\/li>\n<li>Les produits de sant\u00e9<\/li>\n<li>La nutrition animale<\/li>\n<li>La joaillerie<\/li>\n<li>Les produits industriels<\/li>\n<li>Les pi\u00e8ces de maintenance<\/li>\n<li>Les longueurs &lt; 3 m<\/li>\n<\/ul>\n<\/div><div class=\"btClear btSeparator bottomSemiSpaced noBorder\" ><hr><\/div><div class=\"btClear btSeparator bottomSemiSpaced noBorder\" ><hr><\/div><\/div><\/div><div class=\"rowItem col-sm-6 col-ms-12 btTextLeft animate animate-fadein animate-moveright inherit\"  ><div class=\"rowItemContent\"><div class=\"bpgPhoto btTextCenter\" ><div class=\"btImage\"><img decoding=\"async\" src=\"https:\/\/varillon.com\/wp-content\/uploads\/2019\/03\/france-express.gif\" alt=\"france-express.gif\"><\/div><\/div><\/div><\/div><\/div><div class=\"boldRow \" ><div class=\"rowItem col-md-12 col-ms-12  btTextCenter animate animate-fadein animate-moveright inherit\"  ><div class=\"rowItemContent\"><div class=\"btClear btSeparator bottomSmallSpaced noBorder\" ><hr><\/div><div class=\"bpgPhoto btTextCenter\" ><div class=\"btImage\"><img decoding=\"async\" src=\"https:\/\/varillon.com\/wp-content\/uploads\/2015\/09\/truck-vignette-gray.png\" alt=\"truck-vignette-gray.png\"><\/div><\/div><div class=\"btClear btSeparator bottomSemiSpaced noBorder\" ><hr><\/div><\/div><\/div><\/div><\/div><\/div><\/div><\/section><section id=\"elements\" data-parallax=\"0.1\" data-parallax-offset=\"0\" class=\"boldSection topSpaced bottomSpaced btDarkSkin gutter inherit btParallax wBackground cover\" style=\"background-image:url('https:\/\/varillon.com\/wp-content\/uploads\/2015\/09\/Gray-background-with-trucks.jpg');\"><div class=\"port\"><div class=\"boldCell\"><div class=\"boldCellInner\"><div class=\"boldRow \" ><div class=\"rowItem col-md-12 col-ms-12  btTextCenter animate animate-fadein inherit\"  ><div class=\"rowItemContent\"><header class=\"header btClear medium  btAccentDash btAlternateTitle\" ><div class=\"dash\"><h3><span class=\"headline\">LES FORCES DU R\u00c9SEAU FRANCE EXPRESS<\/span><\/h3><\/div><\/header><div class=\"btClear btSeparator bottomSemiSpaced noBorder\" ><hr><\/div><\/div><\/div><\/div><div class=\"boldRow \" ><div class=\"rowItem col-md-3 col-sm-6 col-ms-12 btTextCenter animate animate-fadein inherit\"  ><div class=\"rowItemContent\"><div class=\"btCounterHolder\"><span class=\"btCounter animate\" data-digit-length=\"2\"><span class=\"onedigit p2 d4\" data-digit=\"4\"><span class=\"n0\">0<\/span><span class=\"n1\">1<\/span><span class=\"n2\">2<\/span><span class=\"n3\">3<\/span><span class=\"n4\">4<\/span><\/span><span class=\"onedigit p1 d0\" data-digit=\"0\"><span class=\"n0\">0<\/span><span class=\"n1\">1<\/span><span class=\"n2\">2<\/span><span class=\"n3\">3<\/span><span class=\"n4\">4<\/span><span class=\"n5\">5<\/span><span class=\"n6\">6<\/span><span class=\"n7\">7<\/span><span class=\"n8\">8<\/span><span class=\"n9\">9<\/span><span class=\"n0\">0<\/span><\/span><\/span><\/div><div class=\"btClear btSeparator bottomSmallSpaced noBorder\" ><hr><\/div><header class=\"header btClear large  btAccentDash btRegularTitle\" ><p class=\"btSuperTitle\">Leader depuis 40 ans<\/p><\/header><div class=\"btClear btSeparator bottomSemiSpaced noBorder\" ><hr><\/div><\/div><\/div><div class=\"rowItem col-md-3 col-sm-6 col-ms-12 btTextCenter animate animate-fadein inherit\"  ><div class=\"rowItemContent\"><div class=\"btCounterHolder\"><span class=\"btCounter animate\" data-digit-length=\"5\"><span class=\"onedigit p5 d+\" data-digit=\"+\"><span>+<\/span><\/span><span class=\"onedigit p4 d \" data-digit=\" \"><span> <\/span><\/span><span class=\"onedigit p3 d1\" data-digit=\"1\"><span class=\"n0\">0<\/span><span class=\"n1\">1<\/span><\/span><span class=\"onedigit p2 d0\" data-digit=\"0\"><span class=\"n0\">0<\/span><span class=\"n1\">1<\/span><span class=\"n2\">2<\/span><span class=\"n3\">3<\/span><span class=\"n4\">4<\/span><span class=\"n5\">5<\/span><span class=\"n6\">6<\/span><span class=\"n7\">7<\/span><span class=\"n8\">8<\/span><span class=\"n9\">9<\/span><span class=\"n0\">0<\/span><\/span><span class=\"onedigit p1 d0\" data-digit=\"0\"><span class=\"n0\">0<\/span><span class=\"n1\">1<\/span><span class=\"n2\">2<\/span><span class=\"n3\">3<\/span><span class=\"n4\">4<\/span><span class=\"n5\">5<\/span><span class=\"n6\">6<\/span><span class=\"n7\">7<\/span><span class=\"n8\">8<\/span><span class=\"n9\">9<\/span><span class=\"n0\">0<\/span><\/span><\/span><\/div><div class=\"btClear btSeparator bottomSmallSpaced noBorder\" ><hr><\/div><header class=\"header btClear large  btAccentDash btRegularTitle\" ><p class=\"btSuperTitle\">Agences pr\u00e9s de chez vous<\/p><\/header><div class=\"btClear btSeparator bottomSemiSpaced noBorder\" ><hr><\/div><\/div><\/div><div class=\"rowItem col-md-3 col-sm-6 col-ms-12 btTextCenter animate animate-fadein inherit\"  ><div class=\"rowItemContent\"><div class=\"btCounterHolder\"><span class=\"btCounter animate\" data-digit-length=\"1\"><span class=\"onedigit p1 d2\" data-digit=\"2\"><span class=\"n0\">0<\/span><span class=\"n1\">1<\/span><span class=\"n2\">2<\/span><\/span><\/span><\/div><div class=\"btClear btSeparator bottomSmallSpaced noBorder\" ><hr><\/div><header class=\"header btClear large  btAccentDash btRegularTitle\" ><p class=\"btSuperTitle\">2 Fois par jour<\/p><\/header><div class=\"btClear btSeparator bottomSemiSpaced noBorder\" ><hr><\/div><\/div><\/div><div class=\"rowItem col-md-3 col-sm-6 col-ms-12 btTextCenter animate animate-fadein inherit\"  ><div class=\"rowItemContent\"><div class=\"btCounterHolder\"><span class=\"btCounter animate\" data-digit-length=\"5\"><span class=\"onedigit p5 d+\" data-digit=\"+\"><span>+<\/span><\/span><span class=\"onedigit p4 d \" data-digit=\" \"><span> <\/span><\/span><span class=\"onedigit p3 d2\" data-digit=\"2\"><span class=\"n0\">0<\/span><span class=\"n1\">1<\/span><span class=\"n2\">2<\/span><\/span><span class=\"onedigit p2 d0\" data-digit=\"0\"><span class=\"n0\">0<\/span><span class=\"n1\">1<\/span><span class=\"n2\">2<\/span><span class=\"n3\">3<\/span><span class=\"n4\">4<\/span><span class=\"n5\">5<\/span><span class=\"n6\">6<\/span><span class=\"n7\">7<\/span><span class=\"n8\">8<\/span><span class=\"n9\">9<\/span><span class=\"n0\">0<\/span><\/span><span class=\"onedigit p1 d0\" data-digit=\"0\"><span class=\"n0\">0<\/span><span class=\"n1\">1<\/span><span class=\"n2\">2<\/span><span class=\"n3\">3<\/span><span class=\"n4\">4<\/span><span class=\"n5\">5<\/span><span class=\"n6\">6<\/span><span class=\"n7\">7<\/span><span class=\"n8\">8<\/span><span class=\"n9\">9<\/span><span class=\"n0\">0<\/span><\/span><\/span><\/div><div class=\"btClear btSeparator bottomSmallSpaced noBorder\" ><hr><\/div><header class=\"header btClear large  btAccentDash btRegularTitle\" ><p class=\"btSuperTitle\">Pays d\u00e9sservis<\/p><\/header><div class=\"btClear btSeparator bottomSemiSpaced noBorder\" ><hr><\/div><\/div><\/div><\/div><\/div><\/div><\/div><\/section><section id=\"bt_section69fcc62b7931b\"  class=\"boldSection btDivider topSpaced bottomSemiSpaced gutter inherit\" ><div class=\"port\"><div class=\"boldCell\"><div class=\"boldCellInner\"><div class=\"boldRow \" ><div class=\"rowItem col-md-12 col-ms-12  btTextLeft animate animate-fadein animate-moveright inherit\"  ><div class=\"rowItemContent\"><div class=\"servicesItem  largeIcon borderlessIconType \"><div class=\"sIcon\"><div class=\"btIco large borderless\"><span  data-ico-s7=\"&#xe670;\" class=\"btIcoHolder\"><\/span><\/div><\/div><div class=\"sTxt\"><header class=\"header btClear extrasmall\" ><div class=\"dash\"><h4><span class=\"headline\">Le suivi de vos exp\u00e9ditions :<\/span><\/h4><\/div><\/header><p>Dans le cadre de l\u2019information continue, et suivant sa politique d\u2019accompagnement de ses clients, VARILLON LOGISTIQUE a mis en place une cellule sp\u00e9cialement d\u00e9di\u00e9e aux exp\u00e9ditions EXPRESS.\r<br>Votre interlocuteur v\u00e9rifie chaque jour le bon d\u00e9roulement des op\u00e9rations, intervient aupr\u00e8s du r\u00e9seau, et vous informe.\r<br>Notre organisation est un gage de qualit\u00e9, c\u2019est ainsi que nous garantissons les engagements pris aupr\u00e8s de nos clients\r\n<br><\/p><\/div><\/div><div class=\"btClear btSeparator bottomSemiSpaced noBorder\" ><hr><\/div><div class=\"btClear btSeparator bottomSemiSpaced noBorder\" ><hr><\/div><\/div><\/div><\/div><\/div><\/div><\/div><\/section><\/div>","protected":false},"excerpt":{"rendered":"ExpressLA FRANCE EN 24 HEURESMessagerie de colis et palettesUn r\u00e9seau national et internationalCertains m\u00e9tiers n\u00e9cessitent des livraisons urgentes, qui ne peuvent exc\u00e9der 24 h. Membre d\u2019un r\u00e9seau EXPRESS certifi\u00e9 ISO 9001 \u2013 V2008 au d\u00e9part du d\u00e9partement 27, VARILLON LOGISTIQUE vous accompagne \u00a0pour vos exp\u00e9ditions urgentes. France, Europe ou Monde. Nous r\u00e9pondons \u00e0 l\u2019ensemble de [...]","protected":false},"author":1,"featured_media":0,"parent":0,"menu_order":0,"comment_status":"closed","ping_status":"closed","template":"","meta":{"footnotes":""},"class_list":["post-1753","page","type-page","status-publish","hentry"],"yoast_head":"<!-- This site is optimized with the Yoast SEO plugin v25.1 - https:\/\/yoast.com\/wordpress\/plugins\/seo\/ -->\n<title>EXPRESS | Varillon<\/title>\n<meta name=\"robots\" content=\"index, follow, max-snippet:-1, max-image-preview:large, max-video-preview:-1\" \/>\n<link rel=\"canonical\" href=\"https:\/\/varillon.com\/?page_id=1753\" \/>\n<meta property=\"og:locale\" content=\"fr_FR\" \/>\n<meta property=\"og:type\" content=\"article\" \/>\n<meta property=\"og:title\" content=\"EXPRESS | Varillon\" \/>\n<meta property=\"og:url\" content=\"https:\/\/varillon.com\/?page_id=1753\" \/>\n<meta property=\"og:site_name\" content=\"Varillon\" \/>\n<meta property=\"article:modified_time\" content=\"2019-03-02T22:31:56+00:00\" \/>\n<meta name=\"twitter:card\" content=\"summary_large_image\" \/>\n<meta name=\"twitter:label1\" content=\"Dur\u00e9e de lecture estim\u00e9e\" \/>\n\t<meta name=\"twitter:data1\" content=\"9 minutes\" \/>\n<script type=\"application\/ld+json\" class=\"yoast-schema-graph\">{\"@context\":\"https:\/\/schema.org\",\"@graph\":[{\"@type\":\"WebPage\",\"@id\":\"https:\/\/varillon.com\/?page_id=1753\",\"url\":\"https:\/\/varillon.com\/?page_id=1753\",\"name\":\"EXPRESS | Varillon\",\"isPartOf\":{\"@id\":\"https:\/\/varillon.com\/#website\"},\"datePublished\":\"2019-03-02T21:35:21+00:00\",\"dateModified\":\"2019-03-02T22:31:56+00:00\",\"breadcrumb\":{\"@id\":\"https:\/\/varillon.com\/?page_id=1753#breadcrumb\"},\"inLanguage\":\"fr-FR\",\"potentialAction\":[{\"@type\":\"ReadAction\",\"target\":[\"https:\/\/varillon.com\/?page_id=1753\"]}]},{\"@type\":\"BreadcrumbList\",\"@id\":\"https:\/\/varillon.com\/?page_id=1753#breadcrumb\",\"itemListElement\":[{\"@type\":\"ListItem\",\"position\":1,\"name\":\"Accueil\",\"item\":\"https:\/\/varillon.com\/\"},{\"@type\":\"ListItem\",\"position\":2,\"name\":\"EXPRESS\"}]},{\"@type\":\"WebSite\",\"@id\":\"https:\/\/varillon.com\/#website\",\"url\":\"https:\/\/varillon.com\/\",\"name\":\"Varillon\",\"description\":\"UN PARTENAIRE TRANSPORT DIVERSIFIE\",\"potentialAction\":[{\"@type\":\"SearchAction\",\"target\":{\"@type\":\"EntryPoint\",\"urlTemplate\":\"https:\/\/varillon.com\/?s={search_term_string}\"},\"query-input\":{\"@type\":\"PropertyValueSpecification\",\"valueRequired\":true,\"valueName\":\"search_term_string\"}}],\"inLanguage\":\"fr-FR\"}]}<\/script>\n<!-- \/ Yoast SEO plugin. -->","yoast_head_json":{"title":"EXPRESS | Varillon","robots":{"index":"index","follow":"follow","max-snippet":"max-snippet:-1","max-image-preview":"max-image-preview:large","max-video-preview":"max-video-preview:-1"},"canonical":"https:\/\/varillon.com\/?page_id=1753","og_locale":"fr_FR","og_type":"article","og_title":"EXPRESS | Varillon","og_url":"https:\/\/varillon.com\/?page_id=1753","og_site_name":"Varillon","article_modified_time":"2019-03-02T22:31:56+00:00","twitter_card":"summary_large_image","twitter_misc":{"Dur\u00e9e de lecture estim\u00e9e":"9 minutes"},"schema":{"@context":"https:\/\/schema.org","@graph":[{"@type":"WebPage","@id":"https:\/\/varillon.com\/?page_id=1753","url":"https:\/\/varillon.com\/?page_id=1753","name":"EXPRESS | Varillon","isPartOf":{"@id":"https:\/\/varillon.com\/#website"},"datePublished":"2019-03-02T21:35:21+00:00","dateModified":"2019-03-02T22:31:56+00:00","breadcrumb":{"@id":"https:\/\/varillon.com\/?page_id=1753#breadcrumb"},"inLanguage":"fr-FR","potentialAction":[{"@type":"ReadAction","target":["https:\/\/varillon.com\/?page_id=1753"]}]},{"@type":"BreadcrumbList","@id":"https:\/\/varillon.com\/?page_id=1753#breadcrumb","itemListElement":[{"@type":"ListItem","position":1,"name":"Accueil","item":"https:\/\/varillon.com\/"},{"@type":"ListItem","position":2,"name":"EXPRESS"}]},{"@type":"WebSite","@id":"https:\/\/varillon.com\/#website","url":"https:\/\/varillon.com\/","name":"Varillon","description":"UN PARTENAIRE TRANSPORT DIVERSIFIE","potentialAction":[{"@type":"SearchAction","target":{"@type":"EntryPoint","urlTemplate":"https:\/\/varillon.com\/?s={search_term_string}"},"query-input":{"@type":"PropertyValueSpecification","valueRequired":true,"valueName":"search_term_string"}}],"inLanguage":"fr-FR"}]}},"_links":{"self":[{"href":"https:\/\/varillon.com\/index.php?rest_route=\/wp\/v2\/pages\/1753","targetHints":{"allow":["GET"]}}],"collection":[{"href":"https:\/\/varillon.com\/index.php?rest_route=\/wp\/v2\/pages"}],"about":[{"href":"https:\/\/varillon.com\/index.php?rest_route=\/wp\/v2\/types\/page"}],"author":[{"embeddable":true,"href":"https:\/\/varillon.com\/index.php?rest_route=\/wp\/v2\/users\/1"}],"replies":[{"embeddable":true,"href":"https:\/\/varillon.com\/index.php?rest_route=%2Fwp%2Fv2%2Fcomments&post=1753"}],"version-history":[{"count":24,"href":"https:\/\/varillon.com\/index.php?rest_route=\/wp\/v2\/pages\/1753\/revisions"}],"predecessor-version":[{"id":1783,"href":"https:\/\/varillon.com\/index.php?rest_route=\/wp\/v2\/pages\/1753\/revisions\/1783"}],"wp:attachment":[{"href":"https:\/\/varillon.com\/index.php?rest_route=%2Fwp%2Fv2%2Fmedia&parent=1753"}],"curies":[{"name":"wp","href":"https:\/\/api.w.org\/{rel}","templated":true}]}}