{"id":1733,"date":"2019-03-02T22:11:41","date_gmt":"2019-03-02T21:11:41","guid":{"rendered":"http:\/\/varillon.com\/?page_id=1733"},"modified":"2019-03-04T11:59:36","modified_gmt":"2019-03-04T10:59:36","slug":"lots-affretement","status":"publish","type":"page","link":"https:\/\/varillon.com\/?page_id=1733","title":{"rendered":"LOTS &#8211; AFFR\u00c8TEMENT"},"content":{"rendered":"<div class=\"bt_rc_container\"><div class=\"wpb-content-wrapper\"><p>[vc_row][vc_column][vc_column_text]<section id=\"bt_section69fcb9cc7b130\" data-parallax=\"0.1\" data-parallax-offset=\"0\" class=\"boldSection topSpaced bottomSpaced btDarkSkin gutter btMiddleVertical btParallax wBackground cover\" style=\"background-image:url('https:\/\/varillon.com\/wp-content\/uploads\/2015\/09\/Delivery-Express.jpg');\"><div class=\"port\"><div class=\"boldCell\"><div class=\"boldCellInner\"><div class=\"boldRow \" ><div class=\"rowItem col-md-12 col-ms-12  btTextLeft animate animate-fadein animate-moveleft inherit\"  ><div class=\"rowItemContent\"><div class=\"btClear btSeparator bottomSmallSpaced noBorder\" ><hr><\/div><header class=\"header btClear extralarge btDash topDash  btAccentDash btRegularTitle\" style=\"max-width:800px;\"><p class=\"btSuperTitle\">LES LOTS &#8211; AFFRETEMENT<\/p><div class=\"dash\"><h1><span class=\"headline\">LES LOTS &#8211; AFFRETEMENT<\/span><\/h1><\/div><\/header><\/div><\/div><\/div><\/div><\/div><\/div><\/section><section id=\"bt_section69fcb9cc7b9c9\"  class=\"boldSection topSpaced bottomSpaced gutter inherit\" ><div class=\"port\"><div class=\"boldCell\"><div class=\"boldCellInner\"><div class=\"boldRow \" ><div class=\"rowItem col-sm-6 col-ms-12 btTextLeft animate animate-fadein animate-moveright inherit\"  ><div class=\"rowItemContent\"><div class=\"bpgPhoto btTextCenter\" ><div class=\"btImage\"><img decoding=\"async\" src=\"https:\/\/varillon.com\/wp-content\/uploads\/2019\/03\/affretement.png\" alt=\"affretement.png\"><\/div><\/div><\/div><\/div><div class=\"rowItem col-sm-6 col-ms-12 btTextLeft animate animate-fadein animate-moveleft btMiddleVertical btDoublePadding\"  ><div class=\"rowItemContent\"><div class=\"btClear btSeparator bottomSemiSpaced noBorder\" ><hr><\/div><header class=\"header btClear small  btAlternateDash btAlternateTitle\" ><p class=\"btSuperTitle\">Affr\u00e8tement<\/p><div class=\"dash\"><h4><span class=\"headline\">Un r\u00e9seau national et international<\/span><\/h4><\/div><\/header><div class=\"btText\"><\/p>\n<p><strong>Au-del\u00e0 de 3 palettes, l\u2019activit\u00e9 LOTS suppl\u00e9e \u00e0 l\u2019activit\u00e9 Messagerie. <\/strong>Vos exp\u00e9ditions sont directes et sans ruptures de charges. Votre fret est ainsi plus s\u00e9curis\u00e9.<\/p>\n<p><strong>ZONE DE CHALANDISE ETENDUE DE LA NORMANDIE A LA R\u00c9GION PARISIENNE :<\/strong><\/p>\n<p>Suivant la continuit\u00e9 de nos prestations en messagerie, VARILLON <em>LOGISTIQUE<\/em>\u00a0 positionne l\u2019ensemble de son parc sur les d\u00e9partements 27, 76 et R\u00e9gion Parisienne. Cette organisation vous permet de disposer de la m\u00eame souplesse, tant pour les chargements que pour les d\u00e9chargements. VARILLON <em>LOGISTIQUE<\/em>\u00a0 adapte ainsi son parc suivant vos besoins.<\/p>\n<p><strong>Pour les exp\u00e9ditions nationales et europ\u00e9ennes,<\/strong> nous nous appuyons sur nos prestataires r\u00e9gionaux. Fid\u00e9lis\u00e9s depuis des ann\u00e9es sur la base des besoins et sp\u00e9cificit\u00e9s de nos clients, nous avons tiss\u00e9 avec eux des partenariats, qui nous permettent de r\u00e9pondre de mani\u00e8re r\u00e9active et<\/p>\n<p>\n<\/div><div class=\"btClear btSeparator bottomSemiSpaced noBorder\" ><hr><\/div><div class=\"btClear btSeparator bottomSemiSpaced noBorder\" ><hr><\/div><\/div><\/div><\/div><div class=\"boldRow \" ><div class=\"rowItem col-md-12 col-ms-12  btTextCenter animate animate-fadein animate-moveright inherit\"  ><div class=\"rowItemContent\"><div class=\"btClear btSeparator bottomSmallSpaced noBorder\" ><hr><\/div><div class=\"bpgPhoto btTextCenter\" ><div class=\"btImage\"><img decoding=\"async\" src=\"https:\/\/varillon.com\/wp-content\/uploads\/2015\/09\/truck-vignette-gray.png\" alt=\"truck-vignette-gray.png\"><\/div><\/div><div class=\"btClear btSeparator bottomSemiSpaced noBorder\" ><hr><\/div><\/div><\/div><\/div><div class=\"boldRow \" ><div class=\"rowItem col-sm-6 col-ms-12 btTextLeft animate animate-fadein animate-moveleft btMiddleVertical btDoublePadding\"  ><div class=\"rowItemContent\"><header class=\"header btClear small  btAlternateDash btAlternateTitle\" ><p class=\"btSuperTitle\">Transport de lots<\/p><div class=\"dash\"><h4><span class=\"headline\">Nos diff\u00e9rents services LOTS<\/span><\/h4><\/div><\/header><div class=\"btText\"><\/p>\n<p>Nos diff\u00e9rents services LOTS\u00a0:<\/p>\n<ul>\n<li>Transports directs de 4 \u00e0 33 palettes<\/li>\n<li>Transports ADR<\/li>\n<li>Navettes inter-sites<\/li>\n<li>Mise \u00e0 disposition de v\u00e9hicules avec conducteurs<\/li>\n<li>Mise \u00e0 disposition de camions bras-grue<\/li>\n<li>Affr\u00e8tement national<\/li>\n<li>Affr\u00e8tement europ\u00e9en<\/li>\n<li>Courses r\u00e9gionales<\/li>\n<li>Courses nationales<\/li>\n<li>Tractions de conteneurs maritimes<\/li>\n<\/ul>\n<p>\n<\/div><div class=\"btClear btSeparator bottomSemiSpaced noBorder\" ><hr><\/div><div class=\"btClear btSeparator bottomSemiSpaced noBorder\" ><hr><\/div><\/div><\/div><div class=\"rowItem col-sm-6 col-ms-12 btTextLeft animate animate-fadein animate-moveright inherit\"  ><div class=\"rowItemContent\"><div class=\"bpgPhoto btTextCenter\" ><div class=\"btImage\"><img decoding=\"async\" src=\"https:\/\/varillon.com\/wp-content\/uploads\/2019\/03\/lot.jpg\" alt=\"lot.jpg\"><\/div><\/div><\/div><\/div><\/div><div class=\"boldRow \" ><div class=\"rowItem col-md-12 col-ms-12  btTextCenter animate animate-fadein animate-moveright inherit\"  ><div class=\"rowItemContent\"><div class=\"btClear btSeparator bottomSmallSpaced noBorder\" ><hr><\/div><div class=\"bpgPhoto btTextCenter\" ><div class=\"btImage\"><img decoding=\"async\" src=\"https:\/\/varillon.com\/wp-content\/uploads\/2015\/09\/truck-vignette-gray.png\" alt=\"truck-vignette-gray.png\"><\/div><\/div><div class=\"btClear btSeparator bottomSemiSpaced noBorder\" ><hr><\/div><\/div><\/div><\/div><\/div><\/div><\/div><\/section>[\/vc_column_text][\/vc_column][\/vc_row]<\/p>\n<\/div><\/div>","protected":false},"excerpt":{"rendered":"<p>[vc_row][vc_column][vc_column_text][\/vc_column_text][\/vc_column][\/vc_row]<\/p>\n","protected":false},"author":1,"featured_media":0,"parent":0,"menu_order":0,"comment_status":"closed","ping_status":"closed","template":"","meta":{"footnotes":""},"class_list":["post-1733","page","type-page","status-publish","hentry"],"yoast_head":"<!-- This site is optimized with the Yoast SEO plugin v25.1 - https:\/\/yoast.com\/wordpress\/plugins\/seo\/ -->\n<title>LOTS - AFFR\u00c8TEMENT | Varillon<\/title>\n<meta name=\"robots\" content=\"index, follow, max-snippet:-1, max-image-preview:large, max-video-preview:-1\" \/>\n<link rel=\"canonical\" href=\"https:\/\/varillon.com\/?page_id=1733\" \/>\n<meta property=\"og:locale\" content=\"fr_FR\" \/>\n<meta property=\"og:type\" content=\"article\" \/>\n<meta property=\"og:title\" content=\"LOTS - AFFR\u00c8TEMENT | Varillon\" \/>\n<meta property=\"og:description\" content=\"[vc_row][vc_column][vc_column_text][\/vc_column_text][\/vc_column][\/vc_row]\" \/>\n<meta property=\"og:url\" content=\"https:\/\/varillon.com\/?page_id=1733\" \/>\n<meta property=\"og:site_name\" content=\"Varillon\" \/>\n<meta property=\"article:modified_time\" content=\"2019-03-04T10:59:36+00:00\" \/>\n<meta name=\"twitter:card\" content=\"summary_large_image\" \/>\n<meta name=\"twitter:label1\" content=\"Dur\u00e9e de lecture estim\u00e9e\" \/>\n\t<meta name=\"twitter:data1\" content=\"4 minutes\" \/>\n<script type=\"application\/ld+json\" class=\"yoast-schema-graph\">{\"@context\":\"https:\/\/schema.org\",\"@graph\":[{\"@type\":\"WebPage\",\"@id\":\"https:\/\/varillon.com\/?page_id=1733\",\"url\":\"https:\/\/varillon.com\/?page_id=1733\",\"name\":\"LOTS - AFFR\u00c8TEMENT | Varillon\",\"isPartOf\":{\"@id\":\"https:\/\/varillon.com\/#website\"},\"datePublished\":\"2019-03-02T21:11:41+00:00\",\"dateModified\":\"2019-03-04T10:59:36+00:00\",\"breadcrumb\":{\"@id\":\"https:\/\/varillon.com\/?page_id=1733#breadcrumb\"},\"inLanguage\":\"fr-FR\",\"potentialAction\":[{\"@type\":\"ReadAction\",\"target\":[\"https:\/\/varillon.com\/?page_id=1733\"]}]},{\"@type\":\"BreadcrumbList\",\"@id\":\"https:\/\/varillon.com\/?page_id=1733#breadcrumb\",\"itemListElement\":[{\"@type\":\"ListItem\",\"position\":1,\"name\":\"Accueil\",\"item\":\"https:\/\/varillon.com\/\"},{\"@type\":\"ListItem\",\"position\":2,\"name\":\"LOTS &#8211; AFFR\u00c8TEMENT\"}]},{\"@type\":\"WebSite\",\"@id\":\"https:\/\/varillon.com\/#website\",\"url\":\"https:\/\/varillon.com\/\",\"name\":\"Varillon\",\"description\":\"UN PARTENAIRE TRANSPORT DIVERSIFIE\",\"potentialAction\":[{\"@type\":\"SearchAction\",\"target\":{\"@type\":\"EntryPoint\",\"urlTemplate\":\"https:\/\/varillon.com\/?s={search_term_string}\"},\"query-input\":{\"@type\":\"PropertyValueSpecification\",\"valueRequired\":true,\"valueName\":\"search_term_string\"}}],\"inLanguage\":\"fr-FR\"}]}<\/script>\n<!-- \/ Yoast SEO plugin. -->","yoast_head_json":{"title":"LOTS - AFFR\u00c8TEMENT | Varillon","robots":{"index":"index","follow":"follow","max-snippet":"max-snippet:-1","max-image-preview":"max-image-preview:large","max-video-preview":"max-video-preview:-1"},"canonical":"https:\/\/varillon.com\/?page_id=1733","og_locale":"fr_FR","og_type":"article","og_title":"LOTS - AFFR\u00c8TEMENT | Varillon","og_description":"[vc_row][vc_column][vc_column_text][\/vc_column_text][\/vc_column][\/vc_row]","og_url":"https:\/\/varillon.com\/?page_id=1733","og_site_name":"Varillon","article_modified_time":"2019-03-04T10:59:36+00:00","twitter_card":"summary_large_image","twitter_misc":{"Dur\u00e9e de lecture estim\u00e9e":"4 minutes"},"schema":{"@context":"https:\/\/schema.org","@graph":[{"@type":"WebPage","@id":"https:\/\/varillon.com\/?page_id=1733","url":"https:\/\/varillon.com\/?page_id=1733","name":"LOTS - AFFR\u00c8TEMENT | Varillon","isPartOf":{"@id":"https:\/\/varillon.com\/#website"},"datePublished":"2019-03-02T21:11:41+00:00","dateModified":"2019-03-04T10:59:36+00:00","breadcrumb":{"@id":"https:\/\/varillon.com\/?page_id=1733#breadcrumb"},"inLanguage":"fr-FR","potentialAction":[{"@type":"ReadAction","target":["https:\/\/varillon.com\/?page_id=1733"]}]},{"@type":"BreadcrumbList","@id":"https:\/\/varillon.com\/?page_id=1733#breadcrumb","itemListElement":[{"@type":"ListItem","position":1,"name":"Accueil","item":"https:\/\/varillon.com\/"},{"@type":"ListItem","position":2,"name":"LOTS &#8211; AFFR\u00c8TEMENT"}]},{"@type":"WebSite","@id":"https:\/\/varillon.com\/#website","url":"https:\/\/varillon.com\/","name":"Varillon","description":"UN PARTENAIRE TRANSPORT DIVERSIFIE","potentialAction":[{"@type":"SearchAction","target":{"@type":"EntryPoint","urlTemplate":"https:\/\/varillon.com\/?s={search_term_string}"},"query-input":{"@type":"PropertyValueSpecification","valueRequired":true,"valueName":"search_term_string"}}],"inLanguage":"fr-FR"}]}},"_links":{"self":[{"href":"https:\/\/varillon.com\/index.php?rest_route=\/wp\/v2\/pages\/1733","targetHints":{"allow":["GET"]}}],"collection":[{"href":"https:\/\/varillon.com\/index.php?rest_route=\/wp\/v2\/pages"}],"about":[{"href":"https:\/\/varillon.com\/index.php?rest_route=\/wp\/v2\/types\/page"}],"author":[{"embeddable":true,"href":"https:\/\/varillon.com\/index.php?rest_route=\/wp\/v2\/users\/1"}],"replies":[{"embeddable":true,"href":"https:\/\/varillon.com\/index.php?rest_route=%2Fwp%2Fv2%2Fcomments&post=1733"}],"version-history":[{"count":12,"href":"https:\/\/varillon.com\/index.php?rest_route=\/wp\/v2\/pages\/1733\/revisions"}],"predecessor-version":[{"id":1805,"href":"https:\/\/varillon.com\/index.php?rest_route=\/wp\/v2\/pages\/1733\/revisions\/1805"}],"wp:attachment":[{"href":"https:\/\/varillon.com\/index.php?rest_route=%2Fwp%2Fv2%2Fmedia&parent=1733"}],"curies":[{"name":"wp","href":"https:\/\/api.w.org\/{rel}","templated":true}]}}